{"id":24,"date":"2014-04-24T10:19:49","date_gmt":"2014-04-24T09:19:49","guid":{"rendered":"http:\/\/www.acbedoulen.fr\/wp\/?page_id=24"},"modified":"2015-04-12T22:53:54","modified_gmt":"2015-04-12T21:53:54","slug":"les-boucles-bedoulennes","status":"publish","type":"page","link":"http:\/\/www.acbedoulen.fr\/wp\/?page_id=24","title":{"rendered":"Les Boucles B\u00e9doulennes"},"content":{"rendered":"<h3><span style=\"color: #ff6600;\">Dimanche\u00a03 mai 2015<\/span><\/h3>\n<h4>Trois parcours<\/h4>\n<p>Boucle <strong>A<\/strong> : 30,2 Km \/ 640 m de d\u00e9nivel\u00e9s<br \/>\nBoucles <strong>A + B<\/strong>: 71,3 Km \/ 1400 m<br \/>\nBoucles <strong>A + B + C<\/strong>: 100 Km \/ 2400 m<\/p>\n<p><span style=\"color: #ff6600;\">Ravito \u00e0 chaque boucle<\/span><\/p>\n<p><span style=\"color: #ff0000;\">Pasta party offerte\u00a0\u00e0 tous les participants<\/span><\/p>\n<h4>Boucle A<\/h4>\n<p>30,2 Km \u2013 640 m de d\u00e9nivel\u00e9 positif<br \/>\nDirection hameau de Roquefort, Ch\u00e2teau des Julhans, For\u00eat de Fontblanche, le Grand Caunet, descente du col de Ceyreste, La Ciotat, col de Belle Fille, et retour vers Roquefort la B\u00e9doule par le col du Pas d\u2019Oulier, les Ignaces et les Michels<\/p>\n<h4>Boucle B<\/h4>\n<p>41,1 Km et 760 m de d\u00e9nivel\u00e9 positif<br \/>\nAubagne par le vallon, Col de l\u2019Ange, Cuges les Pins (D8n), Le camp, Grand Caunet, Font Blanche,\u00a0 col des Bastides, retour<\/p>\n<h4>Boucle C<\/h4>\n<p>28,7 Km et 1000 m\u00a0 de d\u00e9nivel\u00e9 positif<br \/>\nLe col du Pas d\u2019Oulier, Belle fille, La Ciotat (La piscine), avenue Marcel Camusso et\u00a0 route des Cr\u00eates, descente sur Cassis, Les janots, chemin du Perthus, retour sur Roquefort la B\u00e9doule<\/p>\n<p>&nbsp;<\/p>\n<h3>\u00a0A t\u00e9l\u00e9charger:<\/h3>\n<p><a title=\"Bulletin d'inscription\" href=\"http:\/\/acbedoulen.free.fr\/2015\/Rando\/Bulletin_d_inscription.pdf\" target=\"_blank\">Bulletin d&rsquo;inscription (PDF)<\/a><\/p>\n<p><a title=\"D\u00e9nivel\u00e9s\" href=\"http:\/\/acbedoulen.free.fr\/2015\/Rando\/Denivele_rando_Route_les_Boucles_Bedoulennes.pdf\" target=\"_blank\">D\u00e9nivel\u00e9s (PDF)<\/a><\/p>\n<p><a title=\"Brochure\" href=\"http:\/\/acbedoulen.free.fr\/2015\/Rando\/Flyer.pdf\" target=\"_blank\">Brochure (PDF)<\/a><\/p>\n<p>&nbsp;<\/p>\n<h4><\/h4>\n<h3>R\u00e8glement de la\u00a0Randonn\u00e9e cycliste sur Route<br \/>\n\u00ab\u00a0Les Boucles B\u00e9doulennes\u00a0\u00bb\u00a04<sup>e<\/sup> \u00e9dition<\/h3>\n<h4>1 &#8211; D\u00e9finition de l\u2019\u00e9preuve<\/h4>\n<p>Le dimanche 3 mai 2015, \u00e0 partir de 7H30, l\u2019Avenir Cycliste B\u00e9doulen, sis 1 cours Charles N\u00e9d\u00e9lec\u00a0 \u00e0 Roquefort la B\u00e9doule (13830), organise la quatri\u00e8me \u00e9dition de l\u2019\u00e9preuve sportive d\u00e9nomm\u00e9e \u00ab\u00a0Les Boucles B\u00e9doulennes\u00a0\u00bb.<\/p>\n<p>Cette manifestation de masse n\u2019est pas une course cycliste. Elle prend la forme d\u2019une randonn\u00e9e sur route non chronom\u00e9tr\u00e9e.<\/p>\n<p>Elle est inscrite au calendrier du Comit\u00e9 de Provence de la F\u00e9d\u00e9ration Fran\u00e7aise de Cyclisme et couverte par une assurance sp\u00e9cifique.<\/p>\n<h4>2 &#8211; Parcours<\/h4>\n<p>3 boucles additionnelles\u00a0: D\u00e9part\/ Arriv\u00e9e au hall d\u2019accueil sportif de Roquefort la B\u00e9doule pour chaque boucle\u00a0:<\/p>\n<p>30,2 km\u00a0 + 41,1 km soit 71,3 km + 28,7 km soit\u00a0 100 Km\u00a0 et\u00a0 640m +760m soit\u00a0 1400m + 1000m soit 2400 m\u00e8tres cumul\u00e9s de d\u00e9nivel\u00e9 positif.<\/p>\n<ul>\n<li>1<sup>e\u00a0<\/sup>boucle\u00a0:<\/li>\n<\/ul>\n<p>Direction hameau de Roquefort, Ch\u00e2teau des Julhans, For\u00eat de Fontblanche, le Grand Caunet, descente du col de Ceyreste, La Ciotat, col de Belle Fille, et retour vers Roquefort la B\u00e9doule par le col du Pas d\u2019Oulier, les Ignaces et les Michels\u00a0: 30,2 Km \u2013 640 m de d\u00e9nivel\u00e9 positif<\/p>\n<ul>\n<li>2<sup>e<\/sup> boucle\u00a0:<\/li>\n<\/ul>\n<p>Aubagne par le vallon, Col de l\u2019Ange, Cuges les Pins (D8n), Le camp, Grand Caunet, Font Blanche,\u00a0 col des Bastides, retour\u00a0: 41,1 Km et 760 m de d\u00e9nivel\u00e9 positif, soit en cumul\u00e9s 71,3 km et 1400 m de d\u00e9nivel\u00e9 positif<\/p>\n<ul>\n<li>3<sup>e<\/sup>\u00a0boucle\u00a0:<\/li>\n<\/ul>\n<p>Le col du Pas d\u2019Oulier, Belle fille, La Ciotat (La piscine), avenue Marcel Camusso et\u00a0 route des Cr\u00eates, descente sur Cassis, Les janots, chemin du Perthus, retour sur Roquefort la B\u00e9doule\u00a0: 28,7 Km et 1000 m\u00a0 de d\u00e9nivel\u00e9 positif, soit en cumul\u00e9s 100 km<br \/>\net 2400 m de d\u00e9nivel\u00e9 positif.<\/p>\n<h4>3 &#8211; Participation<\/h4>\n<p>Parcours \u00e0 ex\u00e9cuter chronologiquement \u2013 Possibilit\u00e9 de s\u2019arr\u00eater apr\u00e8s chaque boucle.<\/p>\n<p>Epreuve sportive de masse r\u00e9serv\u00e9e \u00e0 des cyclistes (Hommes\/femmes) en tr\u00e8s bonne condition physique, adultes et juniors (\u00e0 partir de 17 ans dans l\u2019ann\u00e9e 2015\u00a0 munis d\u2019une autorisation parentale) uniquement.<\/p>\n<p>Les parcours pourront \u00eatre modifi\u00e9s par les organisateurs pour des raisons de s\u00e9curit\u00e9 ou de force majeure.<\/p>\n<h4>4 &#8211; S\u00e9curit\u00e9<\/h4>\n<p>Le port du casque rigide (sur la t\u00eate et sangle jugulaire ferm\u00e9e) est obligatoire.<\/p>\n<p>Tous les participants devront\u00a0 respecter le code de la route, respecter les trac\u00e9s et ne pas sortir des parcours balis\u00e9s. Enfin, ne rien jeter par terre (papier, chambre \u00e0 air, etc \u2026)<\/p>\n<h4>5 &#8211; D\u00e9part et arriv\u00e9e<\/h4>\n<p>Podium et \u00ab\u00a0ravito\u00a0\u00bb devant l\u2019H\u00f4tel de ville de Roquefort la B\u00e9doule.<\/p>\n<p>D\u00e9part libre \u00e0\u00a0 partir de 7H30,\u00a0 jusqu\u2019\u00e0 8h30 (dernier d\u00e9lai). Fin programm\u00e9e de l\u2019\u00e9preuve 14H00.<\/p>\n<h4>6 &#8211; Engagements et tarifs<\/h4>\n<p>Se reporter au bulletin d\u2019inscription.<\/p>\n<h4>7 &#8211; Prestations<\/h4>\n<p>Ravitaillement\u00a0 \u00e0 chaque boucle, au d\u00e9part\/arriv\u00e9e de chaque parcours au hall d\u2019accueil sportif de Roquefort la B\u00e9doule + un ravito \u00ab\u00a0ext\u00e9rieur\u00a0\u00bb au sommet de la route des Cr\u00eates.<\/p>\n<p>Collation\u00a0 (Pasta party) pour tous \u00e0 l\u2019arriv\u00e9e (12H30-14H30).<\/p>\n<p>Une coupe au cycliste le plus \u00e2g\u00e9, une coupe au club le plus \u00e9loign\u00e9 g\u00e9ographiquement, une coupe au club le plus repr\u00e9sent\u00e9.<\/p>\n<h4>8 &#8211; Pi\u00e8ces \u00e0 fournir<\/h4>\n<p>Chaque participant devra\u00a0:<\/p>\n<ul>\n<li>Attester \u00eatre en possession d\u2019un certificat m\u00e9dical de moins de trois mois, de non contre-indication \u00e0 la pratique du cyclisme ou d\u2019une licence sportive avec certificat m\u00e9dical, et pr\u00e9senter une autorisation parentale pour les mineurs.<\/li>\n<li>Attester \u00eatre en possession d\u2019une assurance personnelle couvrant \u00e9galement les dommages mat\u00e9riels et dommages corporels \u00e9ventuellement\u00a0 caus\u00e9s \u00e0 des tiers.<\/li>\n<\/ul>\n<h4>9 &#8211; Remboursement<\/h4>\n<p>L\u2019inscription est d\u00e9finitive, aucun remboursement ne sera possible.<\/p>\n<h4>10 \u2013 Photographies et images vid\u00e9o<\/h4>\n<p>L\u2019inscription \u00e0 la randonn\u00e9e cycliste sur route \u00ab\u00a0Les Boucles B\u00e9doulennes\u00a0\u00bb implique, pour chaque participant, l\u2019acceptation de l\u2019utilisation \u00e9ventuelle par l\u2019Avenir Cycliste B\u00e9doulen, de photographies et images vid\u00e9o pouvant le repr\u00e9senter, r\u00e9alis\u00e9es dans le cadre de cette manifestation, sans pouvoir exiger de droit \u00e0 l\u2019image.<\/p>\n<h4>11 &#8211; Modifications<\/h4>\n<p>Les organisateurs se r\u00e9servent le droit de modifier le r\u00e8glement pour des raisons de s\u00e9curit\u00e9 ou de force majeure.<\/p>\n<h4>12 &#8211; Validit\u00e9 du\u00a0 pr\u00e9sent r\u00e8glement<\/h4>\n<p>Les prescriptions du\u00a0 pr\u00e9sent r\u00e8glement seront consid\u00e9r\u00e9es comme accept\u00e9es\u00a0 par chaque participant\u00a0 d\u00e8s son inscription.<\/p>\n","protected":false},"excerpt":{"rendered":"<p>Dimanche 3 mai, trois boucles sur routes au d\u00e9part de Roquefort la B\u00e9doule&#8230;<\/p>\n","protected":false},"author":1,"featured_media":26,"parent":0,"menu_order":2,"comment_status":"closed","ping_status":"open","template":"","meta":{"footnotes":""},"class_list":["post-24","page","type-page","status-publish","has-post-thumbnail","hentry"],"_links":{"self":[{"href":"http:\/\/www.acbedoulen.fr\/wp\/index.php?rest_route=\/wp\/v2\/pages\/24","targetHints":{"allow":["GET"]}}],"collection":[{"href":"http:\/\/www.acbedoulen.fr\/wp\/index.php?rest_route=\/wp\/v2\/pages"}],"about":[{"href":"http:\/\/www.acbedoulen.fr\/wp\/index.php?rest_route=\/wp\/v2\/types\/page"}],"author":[{"embeddable":true,"href":"http:\/\/www.acbedoulen.fr\/wp\/index.php?rest_route=\/wp\/v2\/users\/1"}],"replies":[{"embeddable":true,"href":"http:\/\/www.acbedoulen.fr\/wp\/index.php?rest_route=%2Fwp%2Fv2%2Fcomments&post=24"}],"version-history":[{"count":16,"href":"http:\/\/www.acbedoulen.fr\/wp\/index.php?rest_route=\/wp\/v2\/pages\/24\/revisions"}],"predecessor-version":[{"id":497,"href":"http:\/\/www.acbedoulen.fr\/wp\/index.php?rest_route=\/wp\/v2\/pages\/24\/revisions\/497"}],"wp:featuredmedia":[{"embeddable":true,"href":"http:\/\/www.acbedoulen.fr\/wp\/index.php?rest_route=\/wp\/v2\/media\/26"}],"wp:attachment":[{"href":"http:\/\/www.acbedoulen.fr\/wp\/index.php?rest_route=%2Fwp%2Fv2%2Fmedia&parent=24"}],"curies":[{"name":"wp","href":"https:\/\/api.w.org\/{rel}","templated":true}]}}